{"id":8330,"date":"2026-04-23T22:56:58","date_gmt":"2026-04-23T22:56:58","guid":{"rendered":"https:\/\/estudioincubo.com.ar\/main\/?page_id=8330"},"modified":"2026-04-24T22:33:21","modified_gmt":"2026-04-24T22:33:21","slug":"josefina-rosner","status":"publish","type":"page","link":"https:\/\/estudioincubo.com.ar\/main\/proyectos\/josefina-rosner\/","title":{"rendered":"Josefina Rosner"},"content":{"rendered":"\t\t<div data-elementor-type=\"wp-page\" data-elementor-id=\"8330\" class=\"elementor elementor-8330\" data-elementor-post-type=\"page\">\n\t\t\t\t\t\t<section data-particle_enable=\"false\" data-particle-mobile-disabled=\"false\" class=\"elementor-section elementor-top-section elementor-element elementor-element-f7a2bda elementor-section-full_width elementor-section-height-default elementor-section-height-default\" data-id=\"f7a2bda\" data-element_type=\"section\" data-e-type=\"section\">\n\t\t\t\t\t\t<div class=\"elementor-container elementor-column-gap-default\">\n\t\t\t\t\t<div class=\"elementor-column elementor-col-100 elementor-top-column elementor-element elementor-element-2a2f221\" data-id=\"2a2f221\" data-element_type=\"column\" data-e-type=\"column\">\n\t\t\t<div class=\"elementor-widget-wrap elementor-element-populated\">\n\t\t\t\t\t\t<section data-particle_enable=\"false\" data-particle-mobile-disabled=\"false\" class=\"elementor-section elementor-inner-section elementor-element elementor-element-67d4206 elementor-section-full_width elementor-section-height-default elementor-section-height-default\" data-id=\"67d4206\" data-element_type=\"section\" data-e-type=\"section\" data-settings=\"{&quot;background_background&quot;:&quot;classic&quot;}\">\n\t\t\t\t\t\t<div class=\"elementor-container elementor-column-gap-default\">\n\t\t\t\t\t<div class=\"elementor-column elementor-col-50 elementor-inner-column elementor-element elementor-element-e1c6c2d\" data-id=\"e1c6c2d\" data-element_type=\"column\" data-e-type=\"column\">\n\t\t\t<div class=\"elementor-widget-wrap elementor-element-populated\">\n\t\t\t\t\t\t<div class=\"elementor-element elementor-element-3a59107 elementor-widget elementor-widget-heading\" data-id=\"3a59107\" data-element_type=\"widget\" data-e-type=\"widget\" data-widget_type=\"heading.default\">\n\t\t\t\t<div class=\"elementor-widget-container\">\n\t\t\t\t\t<h2 class=\"elementor-heading-title elementor-size-default\">Josefina Rosner<\/h2>\t\t\t\t<\/div>\n\t\t\t\t<\/div>\n\t\t\t\t<div class=\"elementor-element elementor-element-4e61d7d elementor-widget-divider--view-line elementor-widget elementor-widget-divider\" data-id=\"4e61d7d\" data-element_type=\"widget\" data-e-type=\"widget\" data-widget_type=\"divider.default\">\n\t\t\t\t<div class=\"elementor-widget-container\">\n\t\t\t\t\t\t\t<div class=\"elementor-divider\">\n\t\t\t<span class=\"elementor-divider-separator\">\n\t\t\t\t\t\t<\/span>\n\t\t<\/div>\n\t\t\t\t\t\t<\/div>\n\t\t\t\t<\/div>\n\t\t\t\t<div class=\"elementor-element elementor-element-942cd6e elementor-widget elementor-widget-text-editor\" data-id=\"942cd6e\" data-element_type=\"widget\" data-e-type=\"widget\" data-widget_type=\"text-editor.default\">\n\t\t\t\t<div class=\"elementor-widget-container\">\n\t\t\t\t\t\t\t\t\t<p>2007 a 2015\u00a0 |\u00a0 Arquigraf\u00eda, branding, digital, gr\u00e1fica, gr\u00e1fica vehicular, identidad, iconograf\u00eda, marketing de eventos, redes sociales, web<\/p>\t\t\t\t\t\t\t\t<\/div>\n\t\t\t\t<\/div>\n\t\t\t\t\t<\/div>\n\t\t<\/div>\n\t\t\t\t<div class=\"elementor-column elementor-col-50 elementor-inner-column elementor-element elementor-element-fb930e7\" data-id=\"fb930e7\" data-element_type=\"column\" data-e-type=\"column\">\n\t\t\t<div class=\"elementor-widget-wrap elementor-element-populated\">\n\t\t\t\t\t\t<div class=\"elementor-element elementor-element-f240151 elementor-widget elementor-widget-text-editor\" data-id=\"f240151\" data-element_type=\"widget\" data-e-type=\"widget\" data-widget_type=\"text-editor.default\">\n\t\t\t\t<div class=\"elementor-widget-container\">\n\t\t\t\t\t\t\t\t\t<p>Josefina siempre estuvo orientada a generar proyectos relacionados con la industria vitivin\u00edcola, \u00a1lo que hizo que los productos resultantes tuvieran muy buen sabor! Winemap Premium y todas sus versiones nos impulsaron a trabajar mucho tiempo en la pantalla acondicionando y tambi\u00e9n generando cartograf\u00eda, lo cual fue un desaf\u00edo muy grande.<\/p><p>Al ser un producto generado a trav\u00e9s de la recopilaci\u00f3n de informaci\u00f3n, nos exigi\u00f3 creatividad y aprendizaje constante de softwares y c\u00f3digo HTML para establecer metodolog\u00edas eficientes.<\/p><p>Con los a\u00f1os se sum\u00f3 el desaf\u00edo de dise\u00f1ar un libro de atr\u00e1s para adelante <i>(primero el demo de venta y luego el libro en s\u00ed)<\/i> fue sumamente enriquecedor y una experiencia muy interesante, trabajando casi diariamente con su equipo de editores, lo cual hizo que el proyecto resultara aun m\u00e1s educativo.\u00a0<span style=\"font-style: inherit; font-weight: inherit;\">El proyecto incluy\u00f3 tambi\u00e9n la supervici\u00f3n de producci\u00f3n, tanto en Buenos Aires como en Santiago de Chile, lo cual sum\u00f3 mucha informaci\u00f3n a nuestra experiencia como dise\u00f1adores editoriales vinculados desde el inicio al proceso de producci\u00f3n en imprenta.<\/span><\/p>\t\t\t\t\t\t\t\t<\/div>\n\t\t\t\t<\/div>\n\t\t\t\t\t<\/div>\n\t\t<\/div>\n\t\t\t\t\t<\/div>\n\t\t<\/section>\n\t\t\t\t\t<\/div>\n\t\t<\/div>\n\t\t\t\t\t<\/div>\n\t\t<\/section>\n\t\t\t\t<section data-particle_enable=\"false\" data-particle-mobile-disabled=\"false\" class=\"elementor-section elementor-top-section elementor-element elementor-element-e2a5212 elementor-section-full_width elementor-section-height-default elementor-section-height-default\" data-id=\"e2a5212\" data-element_type=\"section\" data-e-type=\"section\">\n\t\t\t\t\t\t<div class=\"elementor-container elementor-column-gap-default\">\n\t\t\t\t\t<div class=\"elementor-column elementor-col-100 elementor-top-column elementor-element elementor-element-4345d88\" data-id=\"4345d88\" data-element_type=\"column\" data-e-type=\"column\" data-settings=\"{&quot;background_background&quot;:&quot;classic&quot;}\">\n\t\t\t<div class=\"elementor-widget-wrap elementor-element-populated\">\n\t\t\t\t\t\t<div class=\"elementor-element elementor-element-fdcefdb elementor-widget elementor-widget-gallery\" data-id=\"fdcefdb\" data-element_type=\"widget\" data-e-type=\"widget\" data-settings=\"{&quot;aspect_ratio&quot;:&quot;1:1&quot;,&quot;gap&quot;:{&quot;unit&quot;:&quot;px&quot;,&quot;size&quot;:20,&quot;sizes&quot;:[]},&quot;gallery_layout&quot;:&quot;grid&quot;,&quot;columns&quot;:4,&quot;columns_tablet&quot;:2,&quot;columns_mobile&quot;:1,&quot;gap_tablet&quot;:{&quot;unit&quot;:&quot;px&quot;,&quot;size&quot;:10,&quot;sizes&quot;:[]},&quot;gap_mobile&quot;:{&quot;unit&quot;:&quot;px&quot;,&quot;size&quot;:10,&quot;sizes&quot;:[]},&quot;link_to&quot;:&quot;file&quot;,&quot;overlay_background&quot;:&quot;yes&quot;,&quot;content_hover_animation&quot;:&quot;fade-in&quot;}\" data-widget_type=\"gallery.default\">\n\t\t\t\t<div class=\"elementor-widget-container\">\n\t\t\t\t\t\t\t<div class=\"elementor-gallery__container\">\n\t\t\t\t\t\t\t<a class=\"e-gallery-item elementor-gallery-item elementor-animated-content\" href=\"https:\/\/estudioincubo.com.ar\/main\/wp-content\/uploads\/2026\/04\/josefina-rosner-bicentenario-argentina-marca.png\" data-elementor-open-lightbox=\"yes\" data-elementor-lightbox-slideshow=\"fdcefdb\" data-elementor-lightbox-title=\"josefina-rosner-bicentenario-argentina-marca\" data-elementor-lightbox-description=\"Marca Bicentenario Argentina\" data-e-action-hash=\"#elementor-action%3Aaction%3Dlightbox%26settings%3DeyJpZCI6ODQ0MSwidXJsIjoiaHR0cHM6XC9cL2VzdHVkaW9pbmN1Ym8uY29tLmFyXC9tYWluXC93cC1jb250ZW50XC91cGxvYWRzXC8yMDI2XC8wNFwvam9zZWZpbmEtcm9zbmVyLWJpY2VudGVuYXJpby1hcmdlbnRpbmEtbWFyY2EucG5nIiwic2xpZGVzaG93IjoiZmRjZWZkYiJ9\">\n\t\t\t\t\t<div class=\"e-gallery-image elementor-gallery-item__image\" data-thumbnail=\"https:\/\/estudioincubo.com.ar\/main\/wp-content\/uploads\/2026\/04\/josefina-rosner-bicentenario-argentina-marca-300x300.png\" data-width=\"300\" data-height=\"300\" aria-label=\"\" role=\"img\" ><\/div>\n\t\t\t\t\t\t\t\t\t\t\t<div class=\"elementor-gallery-item__overlay\"><\/div>\n\t\t\t\t\t\t\t\t\t\t\t\t\t\t<\/a>\n\t\t\t\t\t\t\t<a class=\"e-gallery-item elementor-gallery-item elementor-animated-content\" href=\"https:\/\/estudioincubo.com.ar\/main\/wp-content\/uploads\/2026\/04\/josefina-rosner-libro-argentina-tiempo-de-cosecha.png\" data-elementor-open-lightbox=\"yes\" data-elementor-lightbox-slideshow=\"fdcefdb\" data-elementor-lightbox-title=\"josefina-rosner-libro-argentina-tiempo-de-cosecha\" data-elementor-lightbox-description=\"Dise\u00f1o del libro Argentina Tiempo de Cosecha\" data-e-action-hash=\"#elementor-action%3Aaction%3Dlightbox%26settings%3DeyJpZCI6Nzc5MSwidXJsIjoiaHR0cHM6XC9cL2VzdHVkaW9pbmN1Ym8uY29tLmFyXC9tYWluXC93cC1jb250ZW50XC91cGxvYWRzXC8yMDI2XC8wNFwvam9zZWZpbmEtcm9zbmVyLWxpYnJvLWFyZ2VudGluYS10aWVtcG8tZGUtY29zZWNoYS5wbmciLCJzbGlkZXNob3ciOiJmZGNlZmRiIn0%3D\">\n\t\t\t\t\t<div class=\"e-gallery-image elementor-gallery-item__image\" data-thumbnail=\"https:\/\/estudioincubo.com.ar\/main\/wp-content\/uploads\/2026\/04\/josefina-rosner-libro-argentina-tiempo-de-cosecha-300x300.png\" data-width=\"300\" data-height=\"300\" aria-label=\"\" role=\"img\" ><\/div>\n\t\t\t\t\t\t\t\t\t\t\t<div class=\"elementor-gallery-item__overlay\"><\/div>\n\t\t\t\t\t\t\t\t\t\t\t\t\t\t<\/a>\n\t\t\t\t\t\t\t<a class=\"e-gallery-item elementor-gallery-item elementor-animated-content\" href=\"https:\/\/estudioincubo.com.ar\/main\/wp-content\/uploads\/2026\/04\/josefina-rosner-libro-argentina-tiempo-de-cosecha-03.png\" data-elementor-open-lightbox=\"yes\" data-elementor-lightbox-slideshow=\"fdcefdb\" data-elementor-lightbox-title=\"josefina-rosner-libro-argentina-tiempo-de-cosecha-03\" data-elementor-lightbox-description=\"Dise\u00f1o del libro Argentina Tiempo de Cosecha\" data-e-action-hash=\"#elementor-action%3Aaction%3Dlightbox%26settings%3DeyJpZCI6ODM5OCwidXJsIjoiaHR0cHM6XC9cL2VzdHVkaW9pbmN1Ym8uY29tLmFyXC9tYWluXC93cC1jb250ZW50XC91cGxvYWRzXC8yMDI2XC8wNFwvam9zZWZpbmEtcm9zbmVyLWxpYnJvLWFyZ2VudGluYS10aWVtcG8tZGUtY29zZWNoYS0wMy5wbmciLCJzbGlkZXNob3ciOiJmZGNlZmRiIn0%3D\">\n\t\t\t\t\t<div class=\"e-gallery-image elementor-gallery-item__image\" data-thumbnail=\"https:\/\/estudioincubo.com.ar\/main\/wp-content\/uploads\/2026\/04\/josefina-rosner-libro-argentina-tiempo-de-cosecha-03-300x300.png\" data-width=\"300\" data-height=\"300\" aria-label=\"\" role=\"img\" ><\/div>\n\t\t\t\t\t\t\t\t\t\t\t<div class=\"elementor-gallery-item__overlay\"><\/div>\n\t\t\t\t\t\t\t\t\t\t\t\t\t\t<\/a>\n\t\t\t\t\t\t\t<a class=\"e-gallery-item elementor-gallery-item elementor-animated-content\" href=\"https:\/\/estudioincubo.com.ar\/main\/wp-content\/uploads\/2026\/04\/josefina-rosner-libro-chile-terroir-de-vinas.png\" data-elementor-open-lightbox=\"yes\" data-elementor-lightbox-slideshow=\"fdcefdb\" data-elementor-lightbox-title=\"josefina-rosner-libro-chile-terroir-de-vinas\" data-elementor-lightbox-description=\"Dise\u00f1o del libro Chile Terroir de Vi\u00f1as\" data-e-action-hash=\"#elementor-action%3Aaction%3Dlightbox%26settings%3DeyJpZCI6ODQzNywidXJsIjoiaHR0cHM6XC9cL2VzdHVkaW9pbmN1Ym8uY29tLmFyXC9tYWluXC93cC1jb250ZW50XC91cGxvYWRzXC8yMDI2XC8wNFwvam9zZWZpbmEtcm9zbmVyLWxpYnJvLWNoaWxlLXRlcnJvaXItZGUtdmluYXMucG5nIiwic2xpZGVzaG93IjoiZmRjZWZkYiJ9\">\n\t\t\t\t\t<div class=\"e-gallery-image elementor-gallery-item__image\" data-thumbnail=\"https:\/\/estudioincubo.com.ar\/main\/wp-content\/uploads\/2026\/04\/josefina-rosner-libro-chile-terroir-de-vinas-300x300.png\" data-width=\"300\" data-height=\"300\" aria-label=\"\" role=\"img\" ><\/div>\n\t\t\t\t\t\t\t\t\t\t\t<div class=\"elementor-gallery-item__overlay\"><\/div>\n\t\t\t\t\t\t\t\t\t\t\t\t\t\t<\/a>\n\t\t\t\t\t\t\t<a class=\"e-gallery-item elementor-gallery-item elementor-animated-content\" href=\"https:\/\/estudioincubo.com.ar\/main\/wp-content\/uploads\/2026\/04\/josefina-rosner-winemap-online-marca.png\" data-elementor-open-lightbox=\"yes\" data-elementor-lightbox-slideshow=\"fdcefdb\" data-elementor-lightbox-title=\"josefina-rosner-winemap-online-marca\" data-elementor-lightbox-description=\"Marca Winemap Online\" data-e-action-hash=\"#elementor-action%3Aaction%3Dlightbox%26settings%3DeyJpZCI6ODQ0MiwidXJsIjoiaHR0cHM6XC9cL2VzdHVkaW9pbmN1Ym8uY29tLmFyXC9tYWluXC93cC1jb250ZW50XC91cGxvYWRzXC8yMDI2XC8wNFwvam9zZWZpbmEtcm9zbmVyLXdpbmVtYXAtb25saW5lLW1hcmNhLnBuZyIsInNsaWRlc2hvdyI6ImZkY2VmZGIifQ%3D%3D\">\n\t\t\t\t\t<div class=\"e-gallery-image elementor-gallery-item__image\" data-thumbnail=\"https:\/\/estudioincubo.com.ar\/main\/wp-content\/uploads\/2026\/04\/josefina-rosner-winemap-online-marca-300x300.png\" data-width=\"300\" data-height=\"300\" aria-label=\"\" role=\"img\" ><\/div>\n\t\t\t\t\t\t\t\t\t\t\t<div class=\"elementor-gallery-item__overlay\"><\/div>\n\t\t\t\t\t\t\t\t\t\t\t\t\t\t<\/a>\n\t\t\t\t\t\t\t<a class=\"e-gallery-item elementor-gallery-item elementor-animated-content\" href=\"https:\/\/estudioincubo.com.ar\/main\/wp-content\/uploads\/2026\/04\/josefina-rosner-winemap-premium-mapas-y-sobre.png\" data-elementor-open-lightbox=\"yes\" data-elementor-lightbox-slideshow=\"fdcefdb\" data-elementor-lightbox-title=\"josefina-rosner-winemap-premium-mapas-y-sobre\" data-elementor-lightbox-description=\"Winemap Premium\" data-e-action-hash=\"#elementor-action%3Aaction%3Dlightbox%26settings%3DeyJpZCI6Nzc5NSwidXJsIjoiaHR0cHM6XC9cL2VzdHVkaW9pbmN1Ym8uY29tLmFyXC9tYWluXC93cC1jb250ZW50XC91cGxvYWRzXC8yMDI2XC8wNFwvam9zZWZpbmEtcm9zbmVyLXdpbmVtYXAtcHJlbWl1bS1tYXBhcy15LXNvYnJlLnBuZyIsInNsaWRlc2hvdyI6ImZkY2VmZGIifQ%3D%3D\">\n\t\t\t\t\t<div class=\"e-gallery-image elementor-gallery-item__image\" data-thumbnail=\"https:\/\/estudioincubo.com.ar\/main\/wp-content\/uploads\/2026\/04\/josefina-rosner-winemap-premium-mapas-y-sobre-300x300.png\" data-width=\"300\" data-height=\"300\" aria-label=\"\" role=\"img\" ><\/div>\n\t\t\t\t\t\t\t\t\t\t\t<div class=\"elementor-gallery-item__overlay\"><\/div>\n\t\t\t\t\t\t\t\t\t\t\t\t\t\t<\/a>\n\t\t\t\t\t\t\t<a class=\"e-gallery-item elementor-gallery-item elementor-animated-content\" href=\"https:\/\/estudioincubo.com.ar\/main\/wp-content\/uploads\/2026\/04\/josefina-rosner-winemap-premium.png\" data-elementor-open-lightbox=\"yes\" data-elementor-lightbox-slideshow=\"fdcefdb\" data-elementor-lightbox-title=\"josefina-rosner-winemap-premium\" data-elementor-lightbox-description=\"Mapas premium para bodegas de Argentina y Chile\" data-e-action-hash=\"#elementor-action%3Aaction%3Dlightbox%26settings%3DeyJpZCI6ODM5NCwidXJsIjoiaHR0cHM6XC9cL2VzdHVkaW9pbmN1Ym8uY29tLmFyXC9tYWluXC93cC1jb250ZW50XC91cGxvYWRzXC8yMDI2XC8wNFwvam9zZWZpbmEtcm9zbmVyLXdpbmVtYXAtcHJlbWl1bS5wbmciLCJzbGlkZXNob3ciOiJmZGNlZmRiIn0%3D\">\n\t\t\t\t\t<div class=\"e-gallery-image elementor-gallery-item__image\" data-thumbnail=\"https:\/\/estudioincubo.com.ar\/main\/wp-content\/uploads\/2026\/04\/josefina-rosner-winemap-premium-300x300.png\" data-width=\"300\" data-height=\"300\" aria-label=\"\" role=\"img\" ><\/div>\n\t\t\t\t\t\t\t\t\t\t\t<div class=\"elementor-gallery-item__overlay\"><\/div>\n\t\t\t\t\t\t\t\t\t\t\t\t\t\t<\/a>\n\t\t\t\t\t\t\t<a class=\"e-gallery-item elementor-gallery-item elementor-animated-content\" href=\"https:\/\/estudioincubo.com.ar\/main\/wp-content\/uploads\/2026\/04\/josefina-rosner-free-winemap-mapas.png\" data-elementor-open-lightbox=\"yes\" data-elementor-lightbox-slideshow=\"fdcefdb\" data-elementor-lightbox-title=\"josefina-rosner-free-winemap-mapas\" data-elementor-lightbox-description=\"Free Winemap\" data-e-action-hash=\"#elementor-action%3Aaction%3Dlightbox%26settings%3DeyJpZCI6ODQzNiwidXJsIjoiaHR0cHM6XC9cL2VzdHVkaW9pbmN1Ym8uY29tLmFyXC9tYWluXC93cC1jb250ZW50XC91cGxvYWRzXC8yMDI2XC8wNFwvam9zZWZpbmEtcm9zbmVyLWZyZWUtd2luZW1hcC1tYXBhcy5wbmciLCJzbGlkZXNob3ciOiJmZGNlZmRiIn0%3D\">\n\t\t\t\t\t<div class=\"e-gallery-image elementor-gallery-item__image\" data-thumbnail=\"https:\/\/estudioincubo.com.ar\/main\/wp-content\/uploads\/2026\/04\/josefina-rosner-free-winemap-mapas-300x300.png\" data-width=\"300\" data-height=\"300\" aria-label=\"\" role=\"img\" ><\/div>\n\t\t\t\t\t\t\t\t\t\t\t<div class=\"elementor-gallery-item__overlay\"><\/div>\n\t\t\t\t\t\t\t\t\t\t\t\t\t\t<\/a>\n\t\t\t\t\t\t\t<a class=\"e-gallery-item elementor-gallery-item elementor-animated-content\" href=\"https:\/\/estudioincubo.com.ar\/main\/wp-content\/uploads\/2026\/04\/josefina-rosner-winemap-turistico.png\" data-elementor-open-lightbox=\"yes\" data-elementor-lightbox-slideshow=\"fdcefdb\" data-elementor-lightbox-title=\"josefina-rosner-winemap-turistico\" data-elementor-lightbox-description=\"Gu\u00eda y mapas de bodegas\" data-e-action-hash=\"#elementor-action%3Aaction%3Dlightbox%26settings%3DeyJpZCI6ODM5MywidXJsIjoiaHR0cHM6XC9cL2VzdHVkaW9pbmN1Ym8uY29tLmFyXC9tYWluXC93cC1jb250ZW50XC91cGxvYWRzXC8yMDI2XC8wNFwvam9zZWZpbmEtcm9zbmVyLXdpbmVtYXAtdHVyaXN0aWNvLnBuZyIsInNsaWRlc2hvdyI6ImZkY2VmZGIifQ%3D%3D\">\n\t\t\t\t\t<div class=\"e-gallery-image elementor-gallery-item__image\" data-thumbnail=\"https:\/\/estudioincubo.com.ar\/main\/wp-content\/uploads\/2026\/04\/josefina-rosner-winemap-turistico-300x300.png\" data-width=\"300\" data-height=\"300\" aria-label=\"\" role=\"img\" ><\/div>\n\t\t\t\t\t\t\t\t\t\t\t<div class=\"elementor-gallery-item__overlay\"><\/div>\n\t\t\t\t\t\t\t\t\t\t\t\t\t\t<\/a>\n\t\t\t\t\t<\/div>\n\t\t\t\t\t<\/div>\n\t\t\t\t<\/div>\n\t\t\t\t\t<\/div>\n\t\t<\/div>\n\t\t\t\t\t<\/div>\n\t\t<\/section>\n\t\t\t\t<\/div>\n\t\t","protected":false},"excerpt":{"rendered":"<p>Josefina Rosner 2007 a 2015\u00a0 |\u00a0 Arquigraf\u00eda, branding, digital, gr\u00e1fica, gr\u00e1fica vehicular, identidad, iconograf\u00eda, marketing de eventos, redes sociales, web Josefina siempre estuvo orientada a generar proyectos relacionados con la industria vitivin\u00edcola, \u00a1lo que hizo que los productos resultantes tuvieran muy buen sabor! Winemap Premium y todas sus versiones nos impulsaron a trabajar mucho tiempo [&hellip;]<\/p>\n","protected":false},"author":2,"featured_media":0,"parent":4051,"menu_order":0,"comment_status":"closed","ping_status":"closed","template":"","meta":{"site-sidebar-layout":"no-sidebar","site-content-layout":"page-builder","ast-site-content-layout":"full-width-container","site-content-style":"default","site-sidebar-style":"default","ast-global-header-display":"","ast-banner-title-visibility":"","ast-main-header-display":"","ast-hfb-above-header-display":"","ast-hfb-below-header-display":"","ast-hfb-mobile-header-display":"","site-post-title":"disabled","ast-breadcrumbs-content":"","ast-featured-img":"disabled","footer-sml-layout":"","ast-disable-related-posts":"","theme-transparent-header-meta":"","adv-header-id-meta":"","stick-header-meta":"","header-above-stick-meta":"","header-main-stick-meta":"","header-below-stick-meta":"","astra-migrate-meta-layouts":"set","ast-page-background-enabled":"default","ast-page-background-meta":{"desktop":{"background-color":"var(--ast-global-color-4)","background-image":"","background-repeat":"repeat","background-position":"center center","background-size":"auto","background-attachment":"scroll","background-type":"","background-media":"","overlay-type":"","overlay-color":"","overlay-opacity":"","overlay-gradient":""},"tablet":{"background-color":"","background-image":"","background-repeat":"repeat","background-position":"center center","background-size":"auto","background-attachment":"scroll","background-type":"","background-media":"","overlay-type":"","overlay-color":"","overlay-opacity":"","overlay-gradient":""},"mobile":{"background-color":"","background-image":"","background-repeat":"repeat","background-position":"center center","background-size":"auto","background-attachment":"scroll","background-type":"","background-media":"","overlay-type":"","overlay-color":"","overlay-opacity":"","overlay-gradient":""}},"ast-content-background-meta":{"desktop":{"background-color":"var(--ast-global-color-5)","background-image":"","background-repeat":"repeat","background-position":"center center","background-size":"auto","background-attachment":"scroll","background-type":"","background-media":"","overlay-type":"","overlay-color":"","overlay-opacity":"","overlay-gradient":""},"tablet":{"background-color":"var(--ast-global-color-5)","background-image":"","background-repeat":"repeat","background-position":"center center","background-size":"auto","background-attachment":"scroll","background-type":"","background-media":"","overlay-type":"","overlay-color":"","overlay-opacity":"","overlay-gradient":""},"mobile":{"background-color":"var(--ast-global-color-5)","background-image":"","background-repeat":"repeat","background-position":"center center","background-size":"auto","background-attachment":"scroll","background-type":"","background-media":"","overlay-type":"","overlay-color":"","overlay-opacity":"","overlay-gradient":""}},"footnotes":""},"class_list":["post-8330","page","type-page","status-publish","hentry"],"jetpack_sharing_enabled":true,"_links":{"self":[{"href":"https:\/\/estudioincubo.com.ar\/main\/wp-json\/wp\/v2\/pages\/8330","targetHints":{"allow":["GET"]}}],"collection":[{"href":"https:\/\/estudioincubo.com.ar\/main\/wp-json\/wp\/v2\/pages"}],"about":[{"href":"https:\/\/estudioincubo.com.ar\/main\/wp-json\/wp\/v2\/types\/page"}],"author":[{"embeddable":true,"href":"https:\/\/estudioincubo.com.ar\/main\/wp-json\/wp\/v2\/users\/2"}],"replies":[{"embeddable":true,"href":"https:\/\/estudioincubo.com.ar\/main\/wp-json\/wp\/v2\/comments?post=8330"}],"version-history":[{"count":37,"href":"https:\/\/estudioincubo.com.ar\/main\/wp-json\/wp\/v2\/pages\/8330\/revisions"}],"predecessor-version":[{"id":8510,"href":"https:\/\/estudioincubo.com.ar\/main\/wp-json\/wp\/v2\/pages\/8330\/revisions\/8510"}],"up":[{"embeddable":true,"href":"https:\/\/estudioincubo.com.ar\/main\/wp-json\/wp\/v2\/pages\/4051"}],"wp:attachment":[{"href":"https:\/\/estudioincubo.com.ar\/main\/wp-json\/wp\/v2\/media?parent=8330"}],"curies":[{"name":"wp","href":"https:\/\/api.w.org\/{rel}","templated":true}]}}