{"id":8226,"date":"2026-04-23T21:57:17","date_gmt":"2026-04-23T21:57:17","guid":{"rendered":"https:\/\/estudioincubo.com.ar\/main\/?page_id=8226"},"modified":"2026-04-24T22:20:50","modified_gmt":"2026-04-24T22:20:50","slug":"temis","status":"publish","type":"page","link":"https:\/\/estudioincubo.com.ar\/main\/proyectos\/temis\/","title":{"rendered":"Temis"},"content":{"rendered":"\t\t<div data-elementor-type=\"wp-page\" data-elementor-id=\"8226\" class=\"elementor elementor-8226\" data-elementor-post-type=\"page\">\n\t\t\t\t\t\t<section data-particle_enable=\"false\" data-particle-mobile-disabled=\"false\" class=\"elementor-section elementor-top-section elementor-element elementor-element-8aea8e0 elementor-section-full_width elementor-section-height-default elementor-section-height-default\" data-id=\"8aea8e0\" data-element_type=\"section\" data-e-type=\"section\">\n\t\t\t\t\t\t<div class=\"elementor-container elementor-column-gap-default\">\n\t\t\t\t\t<div class=\"elementor-column elementor-col-100 elementor-top-column elementor-element elementor-element-02f7771\" data-id=\"02f7771\" data-element_type=\"column\" data-e-type=\"column\">\n\t\t\t<div class=\"elementor-widget-wrap elementor-element-populated\">\n\t\t\t\t\t\t<section data-particle_enable=\"false\" data-particle-mobile-disabled=\"false\" class=\"elementor-section elementor-inner-section elementor-element elementor-element-c809dfd elementor-section-full_width elementor-section-height-default elementor-section-height-default\" data-id=\"c809dfd\" data-element_type=\"section\" data-e-type=\"section\" data-settings=\"{&quot;background_background&quot;:&quot;classic&quot;}\">\n\t\t\t\t\t\t<div class=\"elementor-container elementor-column-gap-default\">\n\t\t\t\t\t<div class=\"elementor-column elementor-col-50 elementor-inner-column elementor-element elementor-element-2923d58\" data-id=\"2923d58\" data-element_type=\"column\" data-e-type=\"column\">\n\t\t\t<div class=\"elementor-widget-wrap elementor-element-populated\">\n\t\t\t\t\t\t<div class=\"elementor-element elementor-element-6c84d44 elementor-widget elementor-widget-heading\" data-id=\"6c84d44\" data-element_type=\"widget\" data-e-type=\"widget\" data-widget_type=\"heading.default\">\n\t\t\t\t<div class=\"elementor-widget-container\">\n\t\t\t\t\t<h2 class=\"elementor-heading-title elementor-size-default\">Temis<\/h2>\t\t\t\t<\/div>\n\t\t\t\t<\/div>\n\t\t\t\t<div class=\"elementor-element elementor-element-1d2e1f8 elementor-widget-divider--view-line elementor-widget elementor-widget-divider\" data-id=\"1d2e1f8\" data-element_type=\"widget\" data-e-type=\"widget\" data-widget_type=\"divider.default\">\n\t\t\t\t<div class=\"elementor-widget-container\">\n\t\t\t\t\t\t\t<div class=\"elementor-divider\">\n\t\t\t<span class=\"elementor-divider-separator\">\n\t\t\t\t\t\t<\/span>\n\t\t<\/div>\n\t\t\t\t\t\t<\/div>\n\t\t\t\t<\/div>\n\t\t\t\t<div class=\"elementor-element elementor-element-a05d591 elementor-widget elementor-widget-text-editor\" data-id=\"a05d591\" data-element_type=\"widget\" data-e-type=\"widget\" data-widget_type=\"text-editor.default\">\n\t\t\t\t<div class=\"elementor-widget-container\">\n\t\t\t\t\t\t\t\t\t<p>2021 a 2024\u00a0 |\u00a0 Arquigraf\u00eda, branding, digital, gr\u00e1fica, gr\u00e1fica vehicular, identidad, iconograf\u00eda, marketing de eventos, redes sociales, web<\/p>\t\t\t\t\t\t\t\t<\/div>\n\t\t\t\t<\/div>\n\t\t\t\t\t<\/div>\n\t\t<\/div>\n\t\t\t\t<div class=\"elementor-column elementor-col-50 elementor-inner-column elementor-element elementor-element-7e2b131\" data-id=\"7e2b131\" data-element_type=\"column\" data-e-type=\"column\">\n\t\t\t<div class=\"elementor-widget-wrap elementor-element-populated\">\n\t\t\t\t\t\t<div class=\"elementor-element elementor-element-de5021a elementor-widget elementor-widget-text-editor\" data-id=\"de5021a\" data-element_type=\"widget\" data-e-type=\"widget\" data-widget_type=\"text-editor.default\">\n\t\t\t\t<div class=\"elementor-widget-container\">\n\t\t\t\t\t\t\t\t\t<p>Tuvimos oportunidad de desarrollar la gr\u00e1fica identitaria de la empresa para \u00e1reas muy diversas: redise\u00f1o de marca, papeler\u00eda impresa y digital, sitio web integral y redes sociales.<\/p><p>Adem\u00e1s llevamos adelante proyectos que no son tan habituales, como gr\u00e1fica vehicular para veh\u00edculos totalmente at\u00edpicos (gr\u00faas, retroexcavadoras, elevadores, etc.), desarrollo de presentaciones multimedia para la formaci\u00f3n de nuevo personal, considerando un alto nivel did\u00e1ctico; y piezas gr\u00e1ficas para el personal de RR.HH., con caracter\u00edsticas de autogesti\u00f3n.<\/p>\t\t\t\t\t\t\t\t<\/div>\n\t\t\t\t<\/div>\n\t\t\t\t\t<\/div>\n\t\t<\/div>\n\t\t\t\t\t<\/div>\n\t\t<\/section>\n\t\t\t\t\t<\/div>\n\t\t<\/div>\n\t\t\t\t\t<\/div>\n\t\t<\/section>\n\t\t\t\t<section data-particle_enable=\"false\" data-particle-mobile-disabled=\"false\" class=\"elementor-section elementor-top-section elementor-element elementor-element-b74086c elementor-section-full_width elementor-section-height-default elementor-section-height-default\" data-id=\"b74086c\" data-element_type=\"section\" data-e-type=\"section\">\n\t\t\t\t\t\t<div class=\"elementor-container elementor-column-gap-default\">\n\t\t\t\t\t<div class=\"elementor-column elementor-col-100 elementor-top-column elementor-element elementor-element-773541c\" data-id=\"773541c\" data-element_type=\"column\" data-e-type=\"column\" data-settings=\"{&quot;background_background&quot;:&quot;classic&quot;}\">\n\t\t\t<div class=\"elementor-widget-wrap elementor-element-populated\">\n\t\t\t\t\t\t<div class=\"elementor-element elementor-element-b17dfa1 elementor-widget elementor-widget-gallery\" data-id=\"b17dfa1\" data-element_type=\"widget\" data-e-type=\"widget\" data-settings=\"{&quot;aspect_ratio&quot;:&quot;1:1&quot;,&quot;gap&quot;:{&quot;unit&quot;:&quot;px&quot;,&quot;size&quot;:20,&quot;sizes&quot;:[]},&quot;gallery_layout&quot;:&quot;grid&quot;,&quot;columns&quot;:4,&quot;columns_tablet&quot;:2,&quot;columns_mobile&quot;:1,&quot;gap_tablet&quot;:{&quot;unit&quot;:&quot;px&quot;,&quot;size&quot;:10,&quot;sizes&quot;:[]},&quot;gap_mobile&quot;:{&quot;unit&quot;:&quot;px&quot;,&quot;size&quot;:10,&quot;sizes&quot;:[]},&quot;link_to&quot;:&quot;file&quot;,&quot;overlay_background&quot;:&quot;yes&quot;,&quot;content_hover_animation&quot;:&quot;fade-in&quot;}\" data-widget_type=\"gallery.default\">\n\t\t\t\t<div class=\"elementor-widget-container\">\n\t\t\t\t\t\t\t<div class=\"elementor-gallery__container\">\n\t\t\t\t\t\t\t<a class=\"e-gallery-item elementor-gallery-item elementor-animated-content\" href=\"https:\/\/estudioincubo.com.ar\/main\/wp-content\/uploads\/2026\/04\/temis-marca.png\" data-elementor-open-lightbox=\"yes\" data-elementor-lightbox-slideshow=\"b17dfa1\" data-elementor-lightbox-title=\"temis-marca\" data-elementor-lightbox-description=\"Dise\u00f1o de marca\" data-e-action-hash=\"#elementor-action%3Aaction%3Dlightbox%26settings%3DeyJpZCI6NzUzMiwidXJsIjoiaHR0cHM6XC9cL2VzdHVkaW9pbmN1Ym8uY29tLmFyXC9tYWluXC93cC1jb250ZW50XC91cGxvYWRzXC8yMDI2XC8wNFwvdGVtaXMtbWFyY2EucG5nIiwic2xpZGVzaG93IjoiYjE3ZGZhMSJ9\">\n\t\t\t\t\t<div class=\"e-gallery-image elementor-gallery-item__image\" data-thumbnail=\"https:\/\/estudioincubo.com.ar\/main\/wp-content\/uploads\/2026\/04\/temis-marca-300x300.png\" data-width=\"300\" data-height=\"300\" aria-label=\"\" role=\"img\" ><\/div>\n\t\t\t\t\t\t\t\t\t\t\t<div class=\"elementor-gallery-item__overlay\"><\/div>\n\t\t\t\t\t\t\t\t\t\t\t\t\t\t<\/a>\n\t\t\t\t\t\t\t<a class=\"e-gallery-item elementor-gallery-item elementor-animated-content\" href=\"https:\/\/estudioincubo.com.ar\/main\/wp-content\/uploads\/2026\/04\/temis-carpeta-institucional.png\" data-elementor-open-lightbox=\"yes\" data-elementor-lightbox-slideshow=\"b17dfa1\" data-elementor-lightbox-title=\"temis-carpeta-institucional\" data-elementor-lightbox-description=\"Carpeta institucional\" data-e-action-hash=\"#elementor-action%3Aaction%3Dlightbox%26settings%3DeyJpZCI6NzYxNCwidXJsIjoiaHR0cHM6XC9cL2VzdHVkaW9pbmN1Ym8uY29tLmFyXC9tYWluXC93cC1jb250ZW50XC91cGxvYWRzXC8yMDI2XC8wNFwvdGVtaXMtY2FycGV0YS1pbnN0aXR1Y2lvbmFsLnBuZyIsInNsaWRlc2hvdyI6ImIxN2RmYTEifQ%3D%3D\">\n\t\t\t\t\t<div class=\"e-gallery-image elementor-gallery-item__image\" data-thumbnail=\"https:\/\/estudioincubo.com.ar\/main\/wp-content\/uploads\/2026\/04\/temis-carpeta-institucional-300x300.png\" data-width=\"300\" data-height=\"300\" aria-label=\"\" role=\"img\" ><\/div>\n\t\t\t\t\t\t\t\t\t\t\t<div class=\"elementor-gallery-item__overlay\"><\/div>\n\t\t\t\t\t\t\t\t\t\t\t\t\t\t<\/a>\n\t\t\t\t\t\t\t<a class=\"e-gallery-item elementor-gallery-item elementor-animated-content\" href=\"https:\/\/estudioincubo.com.ar\/main\/wp-content\/uploads\/2026\/04\/temis-grafica-vehicular.png\" data-elementor-open-lightbox=\"yes\" data-elementor-lightbox-slideshow=\"b17dfa1\" data-elementor-lightbox-title=\"temis-grafica-vehicular\" data-elementor-lightbox-description=\"Gr\u00e1fica vehicular para minibus\" data-e-action-hash=\"#elementor-action%3Aaction%3Dlightbox%26settings%3DeyJpZCI6ODQyNSwidXJsIjoiaHR0cHM6XC9cL2VzdHVkaW9pbmN1Ym8uY29tLmFyXC9tYWluXC93cC1jb250ZW50XC91cGxvYWRzXC8yMDI2XC8wNFwvdGVtaXMtZ3JhZmljYS12ZWhpY3VsYXIucG5nIiwic2xpZGVzaG93IjoiYjE3ZGZhMSJ9\">\n\t\t\t\t\t<div class=\"e-gallery-image elementor-gallery-item__image\" data-thumbnail=\"https:\/\/estudioincubo.com.ar\/main\/wp-content\/uploads\/2026\/04\/temis-grafica-vehicular-300x300.png\" data-width=\"300\" data-height=\"300\" aria-label=\"\" role=\"img\" ><\/div>\n\t\t\t\t\t\t\t\t\t\t\t<div class=\"elementor-gallery-item__overlay\"><\/div>\n\t\t\t\t\t\t\t\t\t\t\t\t\t\t<\/a>\n\t\t\t\t\t\t\t<a class=\"e-gallery-item elementor-gallery-item elementor-animated-content\" href=\"https:\/\/estudioincubo.com.ar\/main\/wp-content\/uploads\/2026\/04\/temis-sitio-web.png\" data-elementor-open-lightbox=\"yes\" data-elementor-lightbox-slideshow=\"b17dfa1\" data-elementor-lightbox-title=\"temis-sitio-web\" data-e-action-hash=\"#elementor-action%3Aaction%3Dlightbox%26settings%3DeyJpZCI6ODQyMywidXJsIjoiaHR0cHM6XC9cL2VzdHVkaW9pbmN1Ym8uY29tLmFyXC9tYWluXC93cC1jb250ZW50XC91cGxvYWRzXC8yMDI2XC8wNFwvdGVtaXMtc2l0aW8td2ViLnBuZyIsInNsaWRlc2hvdyI6ImIxN2RmYTEifQ%3D%3D\">\n\t\t\t\t\t<div class=\"e-gallery-image elementor-gallery-item__image\" data-thumbnail=\"https:\/\/estudioincubo.com.ar\/main\/wp-content\/uploads\/2026\/04\/temis-sitio-web-300x300.png\" data-width=\"300\" data-height=\"300\" aria-label=\"\" role=\"img\" ><\/div>\n\t\t\t\t\t\t\t\t\t\t\t<div class=\"elementor-gallery-item__overlay\"><\/div>\n\t\t\t\t\t\t\t\t\t\t\t\t\t\t<\/a>\n\t\t\t\t\t\t\t<a class=\"e-gallery-item elementor-gallery-item elementor-animated-content\" href=\"https:\/\/estudioincubo.com.ar\/main\/wp-content\/uploads\/2026\/04\/temis-afiche-RRHH-oficina.png\" data-elementor-open-lightbox=\"yes\" data-elementor-lightbox-slideshow=\"b17dfa1\" data-elementor-lightbox-title=\"temis-afiche-RRHH-oficina\" data-elementor-lightbox-description=\"Afiche para RRHH\" data-e-action-hash=\"#elementor-action%3Aaction%3Dlightbox%26settings%3DeyJpZCI6ODQyNiwidXJsIjoiaHR0cHM6XC9cL2VzdHVkaW9pbmN1Ym8uY29tLmFyXC9tYWluXC93cC1jb250ZW50XC91cGxvYWRzXC8yMDI2XC8wNFwvdGVtaXMtYWZpY2hlLVJSSEgtb2ZpY2luYS5wbmciLCJzbGlkZXNob3ciOiJiMTdkZmExIn0%3D\">\n\t\t\t\t\t<div class=\"e-gallery-image elementor-gallery-item__image\" data-thumbnail=\"https:\/\/estudioincubo.com.ar\/main\/wp-content\/uploads\/2026\/04\/temis-afiche-RRHH-oficina-300x300.png\" data-width=\"300\" data-height=\"300\" aria-label=\"\" role=\"img\" ><\/div>\n\t\t\t\t\t\t\t\t\t\t\t<div class=\"elementor-gallery-item__overlay\"><\/div>\n\t\t\t\t\t\t\t\t\t\t\t\t\t\t<\/a>\n\t\t\t\t\t\t\t<a class=\"e-gallery-item elementor-gallery-item elementor-animated-content\" href=\"https:\/\/estudioincubo.com.ar\/main\/wp-content\/uploads\/2026\/04\/temis-banner-de-feria.png\" data-elementor-open-lightbox=\"yes\" data-elementor-lightbox-slideshow=\"b17dfa1\" data-elementor-lightbox-title=\"temis-banner-de-feria\" data-elementor-lightbox-description=\"Banner para feria industrial\" data-e-action-hash=\"#elementor-action%3Aaction%3Dlightbox%26settings%3DeyJpZCI6ODQyOSwidXJsIjoiaHR0cHM6XC9cL2VzdHVkaW9pbmN1Ym8uY29tLmFyXC9tYWluXC93cC1jb250ZW50XC91cGxvYWRzXC8yMDI2XC8wNFwvdGVtaXMtYmFubmVyLWRlLWZlcmlhLnBuZyIsInNsaWRlc2hvdyI6ImIxN2RmYTEifQ%3D%3D\">\n\t\t\t\t\t<div class=\"e-gallery-image elementor-gallery-item__image\" data-thumbnail=\"https:\/\/estudioincubo.com.ar\/main\/wp-content\/uploads\/2026\/04\/temis-banner-de-feria-300x300.png\" data-width=\"300\" data-height=\"300\" aria-label=\"\" role=\"img\" ><\/div>\n\t\t\t\t\t\t\t\t\t\t\t<div class=\"elementor-gallery-item__overlay\"><\/div>\n\t\t\t\t\t\t\t\t\t\t\t\t\t\t<\/a>\n\t\t\t\t\t\t\t<a class=\"e-gallery-item elementor-gallery-item elementor-animated-content\" href=\"https:\/\/estudioincubo.com.ar\/main\/wp-content\/uploads\/2026\/04\/temis-brochure-triptico.png\" data-elementor-open-lightbox=\"yes\" data-elementor-lightbox-slideshow=\"b17dfa1\" data-elementor-lightbox-title=\"temis-brochure-triptico\" data-elementor-lightbox-description=\"Brochure de ventas\" data-e-action-hash=\"#elementor-action%3Aaction%3Dlightbox%26settings%3DeyJpZCI6ODQzMCwidXJsIjoiaHR0cHM6XC9cL2VzdHVkaW9pbmN1Ym8uY29tLmFyXC9tYWluXC93cC1jb250ZW50XC91cGxvYWRzXC8yMDI2XC8wNFwvdGVtaXMtYnJvY2h1cmUtdHJpcHRpY28ucG5nIiwic2xpZGVzaG93IjoiYjE3ZGZhMSJ9\">\n\t\t\t\t\t<div class=\"e-gallery-image elementor-gallery-item__image\" data-thumbnail=\"https:\/\/estudioincubo.com.ar\/main\/wp-content\/uploads\/2026\/04\/temis-brochure-triptico-300x300.png\" data-width=\"300\" data-height=\"300\" aria-label=\"\" role=\"img\" ><\/div>\n\t\t\t\t\t\t\t\t\t\t\t<div class=\"elementor-gallery-item__overlay\"><\/div>\n\t\t\t\t\t\t\t\t\t\t\t\t\t\t<\/a>\n\t\t\t\t\t\t\t<a class=\"e-gallery-item elementor-gallery-item elementor-animated-content\" href=\"https:\/\/estudioincubo.com.ar\/main\/wp-content\/uploads\/2026\/04\/temis-induccion.png\" data-elementor-open-lightbox=\"yes\" data-elementor-lightbox-slideshow=\"b17dfa1\" data-elementor-lightbox-title=\"temis-induccion\" data-elementor-lightbox-description=\"Presentaciones did\u00e1cticas\" data-e-action-hash=\"#elementor-action%3Aaction%3Dlightbox%26settings%3DeyJpZCI6ODQzMSwidXJsIjoiaHR0cHM6XC9cL2VzdHVkaW9pbmN1Ym8uY29tLmFyXC9tYWluXC93cC1jb250ZW50XC91cGxvYWRzXC8yMDI2XC8wNFwvdGVtaXMtaW5kdWNjaW9uLnBuZyIsInNsaWRlc2hvdyI6ImIxN2RmYTEifQ%3D%3D\">\n\t\t\t\t\t<div class=\"e-gallery-image elementor-gallery-item__image\" data-thumbnail=\"https:\/\/estudioincubo.com.ar\/main\/wp-content\/uploads\/2026\/04\/temis-induccion-300x300.png\" data-width=\"300\" data-height=\"300\" aria-label=\"\" role=\"img\" ><\/div>\n\t\t\t\t\t\t\t\t\t\t\t<div class=\"elementor-gallery-item__overlay\"><\/div>\n\t\t\t\t\t\t\t\t\t\t\t\t\t\t<\/a>\n\t\t\t\t\t\t\t<a class=\"e-gallery-item elementor-gallery-item elementor-animated-content\" href=\"https:\/\/estudioincubo.com.ar\/main\/wp-content\/uploads\/2026\/04\/temis-manual-de-identidad-corporativa.png\" data-elementor-open-lightbox=\"yes\" data-elementor-lightbox-slideshow=\"b17dfa1\" data-elementor-lightbox-title=\"temis-manual-de-identidad-corporativa\" data-elementor-lightbox-description=\"Manual de identidad corporativa\" data-e-action-hash=\"#elementor-action%3Aaction%3Dlightbox%26settings%3DeyJpZCI6ODQzMiwidXJsIjoiaHR0cHM6XC9cL2VzdHVkaW9pbmN1Ym8uY29tLmFyXC9tYWluXC93cC1jb250ZW50XC91cGxvYWRzXC8yMDI2XC8wNFwvdGVtaXMtbWFudWFsLWRlLWlkZW50aWRhZC1jb3Jwb3JhdGl2YS5wbmciLCJzbGlkZXNob3ciOiJiMTdkZmExIn0%3D\">\n\t\t\t\t\t<div class=\"e-gallery-image elementor-gallery-item__image\" data-thumbnail=\"https:\/\/estudioincubo.com.ar\/main\/wp-content\/uploads\/2026\/04\/temis-manual-de-identidad-corporativa-300x300.png\" data-width=\"300\" data-height=\"300\" aria-label=\"\" role=\"img\" ><\/div>\n\t\t\t\t\t\t\t\t\t\t\t<div class=\"elementor-gallery-item__overlay\"><\/div>\n\t\t\t\t\t\t\t\t\t\t\t\t\t\t<\/a>\n\t\t\t\t\t\t\t<a class=\"e-gallery-item elementor-gallery-item elementor-animated-content\" href=\"https:\/\/estudioincubo.com.ar\/main\/wp-content\/uploads\/2026\/04\/temis-rrss-instagram.png\" data-elementor-open-lightbox=\"yes\" data-elementor-lightbox-slideshow=\"b17dfa1\" data-elementor-lightbox-title=\"temis-rrss-instagram\" data-elementor-lightbox-description=\"Dise\u00f1o para redes sociales\" data-e-action-hash=\"#elementor-action%3Aaction%3Dlightbox%26settings%3DeyJpZCI6ODQyOCwidXJsIjoiaHR0cHM6XC9cL2VzdHVkaW9pbmN1Ym8uY29tLmFyXC9tYWluXC93cC1jb250ZW50XC91cGxvYWRzXC8yMDI2XC8wNFwvdGVtaXMtcnJzcy1pbnN0YWdyYW0ucG5nIiwic2xpZGVzaG93IjoiYjE3ZGZhMSJ9\">\n\t\t\t\t\t<div class=\"e-gallery-image elementor-gallery-item__image\" data-thumbnail=\"https:\/\/estudioincubo.com.ar\/main\/wp-content\/uploads\/2026\/04\/temis-rrss-instagram-300x300.png\" data-width=\"300\" data-height=\"300\" aria-label=\"\" role=\"img\" ><\/div>\n\t\t\t\t\t\t\t\t\t\t\t<div class=\"elementor-gallery-item__overlay\"><\/div>\n\t\t\t\t\t\t\t\t\t\t\t\t\t\t<\/a>\n\t\t\t\t\t<\/div>\n\t\t\t\t\t<\/div>\n\t\t\t\t<\/div>\n\t\t\t\t\t<\/div>\n\t\t<\/div>\n\t\t\t\t\t<\/div>\n\t\t<\/section>\n\t\t\t\t<\/div>\n\t\t","protected":false},"excerpt":{"rendered":"<p>Temis 2021 a 2024\u00a0 |\u00a0 Arquigraf\u00eda, branding, digital, gr\u00e1fica, gr\u00e1fica vehicular, identidad, iconograf\u00eda, marketing de eventos, redes sociales, web Tuvimos oportunidad de desarrollar la gr\u00e1fica identitaria de la empresa para \u00e1reas muy diversas: redise\u00f1o de marca, papeler\u00eda impresa y digital, sitio web integral y redes sociales. Adem\u00e1s llevamos adelante proyectos que no son tan habituales, [&hellip;]<\/p>\n","protected":false},"author":2,"featured_media":0,"parent":4051,"menu_order":0,"comment_status":"closed","ping_status":"closed","template":"","meta":{"site-sidebar-layout":"no-sidebar","site-content-layout":"page-builder","ast-site-content-layout":"full-width-container","site-content-style":"default","site-sidebar-style":"default","ast-global-header-display":"","ast-banner-title-visibility":"","ast-main-header-display":"","ast-hfb-above-header-display":"","ast-hfb-below-header-display":"","ast-hfb-mobile-header-display":"","site-post-title":"disabled","ast-breadcrumbs-content":"","ast-featured-img":"disabled","footer-sml-layout":"","ast-disable-related-posts":"","theme-transparent-header-meta":"","adv-header-id-meta":"","stick-header-meta":"","header-above-stick-meta":"","header-main-stick-meta":"","header-below-stick-meta":"","astra-migrate-meta-layouts":"set","ast-page-background-enabled":"default","ast-page-background-meta":{"desktop":{"background-color":"var(--ast-global-color-4)","background-image":"","background-repeat":"repeat","background-position":"center center","background-size":"auto","background-attachment":"scroll","background-type":"","background-media":"","overlay-type":"","overlay-color":"","overlay-opacity":"","overlay-gradient":""},"tablet":{"background-color":"","background-image":"","background-repeat":"repeat","background-position":"center center","background-size":"auto","background-attachment":"scroll","background-type":"","background-media":"","overlay-type":"","overlay-color":"","overlay-opacity":"","overlay-gradient":""},"mobile":{"background-color":"","background-image":"","background-repeat":"repeat","background-position":"center center","background-size":"auto","background-attachment":"scroll","background-type":"","background-media":"","overlay-type":"","overlay-color":"","overlay-opacity":"","overlay-gradient":""}},"ast-content-background-meta":{"desktop":{"background-color":"var(--ast-global-color-5)","background-image":"","background-repeat":"repeat","background-position":"center center","background-size":"auto","background-attachment":"scroll","background-type":"","background-media":"","overlay-type":"","overlay-color":"","overlay-opacity":"","overlay-gradient":""},"tablet":{"background-color":"var(--ast-global-color-5)","background-image":"","background-repeat":"repeat","background-position":"center center","background-size":"auto","background-attachment":"scroll","background-type":"","background-media":"","overlay-type":"","overlay-color":"","overlay-opacity":"","overlay-gradient":""},"mobile":{"background-color":"var(--ast-global-color-5)","background-image":"","background-repeat":"repeat","background-position":"center center","background-size":"auto","background-attachment":"scroll","background-type":"","background-media":"","overlay-type":"","overlay-color":"","overlay-opacity":"","overlay-gradient":""}},"footnotes":""},"class_list":["post-8226","page","type-page","status-publish","hentry"],"jetpack_sharing_enabled":true,"_links":{"self":[{"href":"https:\/\/estudioincubo.com.ar\/main\/wp-json\/wp\/v2\/pages\/8226","targetHints":{"allow":["GET"]}}],"collection":[{"href":"https:\/\/estudioincubo.com.ar\/main\/wp-json\/wp\/v2\/pages"}],"about":[{"href":"https:\/\/estudioincubo.com.ar\/main\/wp-json\/wp\/v2\/types\/page"}],"author":[{"embeddable":true,"href":"https:\/\/estudioincubo.com.ar\/main\/wp-json\/wp\/v2\/users\/2"}],"replies":[{"embeddable":true,"href":"https:\/\/estudioincubo.com.ar\/main\/wp-json\/wp\/v2\/comments?post=8226"}],"version-history":[{"count":109,"href":"https:\/\/estudioincubo.com.ar\/main\/wp-json\/wp\/v2\/pages\/8226\/revisions"}],"predecessor-version":[{"id":8501,"href":"https:\/\/estudioincubo.com.ar\/main\/wp-json\/wp\/v2\/pages\/8226\/revisions\/8501"}],"up":[{"embeddable":true,"href":"https:\/\/estudioincubo.com.ar\/main\/wp-json\/wp\/v2\/pages\/4051"}],"wp:attachment":[{"href":"https:\/\/estudioincubo.com.ar\/main\/wp-json\/wp\/v2\/media?parent=8226"}],"curies":[{"name":"wp","href":"https:\/\/api.w.org\/{rel}","templated":true}]}}